[{"id":6955,"date":"2026-03-23T13:00:18","date_gmt":"2026-03-23T12:00:18","guid":{"rendered":"https:\/\/anynineswebstg.wpenginepowered.com\/anmeldung-zum-newsletter\/"},"modified":"2026-03-24T12:34:16","modified_gmt":"2026-03-24T11:34:16","slug":"anmeldung-zum-newsletter","status":"publish","type":"page","link":"https:\/\/anynines.com\/de\/anmeldung-zum-newsletter\/","title":{"rendered":"Anmeldung zum Newsletter"},"content":{"rendered":"","protected":false},"excerpt":{"rendered":"","protected":false},"author":3,"featured_media":0,"parent":0,"menu_order":0,"comment_status":"closed","ping_status":"closed","template":"","meta":{"_seopress_robots_primary_cat":"","_seopress_titles_title":"Registrieren Sie sich f\u00fcr den anynines Newsletter","_seopress_titles_desc":"Erhalten Sie praktische Einblicke, Expertenperspektiven und Produkt-Updates von anynines - direkt in Ihren Posteingang und bleiben Sie im Bereich Cloud, Kubernetes & Data Services vorne.","_seopress_robots_index":"","content-type":"","footnotes":""},"class_list":["post-6955","page","type-page","status-publish","hentry"],"featured_image_src":null,"featured_image_src_square":null,"_links":{"self":[{"href":"https:\/\/anynines.com\/de\/wp-json\/wp\/v2\/pages\/6955","targetHints":{"allow":["GET"]}}],"collection":[{"href":"https:\/\/anynines.com\/de\/wp-json\/wp\/v2\/pages"}],"about":[{"href":"https:\/\/anynines.com\/de\/wp-json\/wp\/v2\/types\/page"}],"author":[{"embeddable":true,"href":"https:\/\/anynines.com\/de\/wp-json\/wp\/v2\/users\/3"}],"replies":[{"embeddable":true,"href":"https:\/\/anynines.com\/de\/wp-json\/wp\/v2\/comments?post=6955"}],"version-history":[{"count":8,"href":"https:\/\/anynines.com\/de\/wp-json\/wp\/v2\/pages\/6955\/revisions"}],"predecessor-version":[{"id":6964,"href":"https:\/\/anynines.com\/de\/wp-json\/wp\/v2\/pages\/6955\/revisions\/6964"}],"wp:attachment":[{"href":"https:\/\/anynines.com\/de\/wp-json\/wp\/v2\/media?parent=6955"}],"curies":[{"name":"wp","href":"https:\/\/api.w.org\/{rel}","templated":true}]}},{"id":6707,"date":"2026-02-27T08:53:07","date_gmt":"2026-02-27T07:53:07","guid":{"rendered":"https:\/\/anynineswebstg.wpenginepowered.com\/unternehmen\/presse-medien\/medien-marken-inhalte\/"},"modified":"2026-03-09T09:07:52","modified_gmt":"2026-03-09T08:07:52","slug":"medien-marken-inhalte","status":"publish","type":"page","link":"https:\/\/anynines.com\/de\/unternehmen\/presse-medien\/medien-marken-inhalte\/","title":{"rendered":"Medien &amp; Marken Inhalte"},"content":{"rendered":"","protected":false},"excerpt":{"rendered":"","protected":false},"author":3,"featured_media":0,"parent":3087,"menu_order":0,"comment_status":"closed","ping_status":"closed","template":"","meta":{"_seopress_robots_primary_cat":"","_seopress_titles_title":"Media Kit & Brand Assets | anynines","_seopress_titles_desc":"Approved media resources for journalists, analysts, and partners; download official anynines logos, brand assets, and executive headshots.","_seopress_robots_index":"","content-type":"","footnotes":""},"class_list":["post-6707","page","type-page","status-publish","hentry"],"featured_image_src":null,"featured_image_src_square":null,"_links":{"self":[{"href":"https:\/\/anynines.com\/de\/wp-json\/wp\/v2\/pages\/6707","targetHints":{"allow":["GET"]}}],"collection":[{"href":"https:\/\/anynines.com\/de\/wp-json\/wp\/v2\/pages"}],"about":[{"href":"https:\/\/anynines.com\/de\/wp-json\/wp\/v2\/types\/page"}],"author":[{"embeddable":true,"href":"https:\/\/anynines.com\/de\/wp-json\/wp\/v2\/users\/3"}],"replies":[{"embeddable":true,"href":"https:\/\/anynines.com\/de\/wp-json\/wp\/v2\/comments?post=6707"}],"version-history":[{"count":17,"href":"https:\/\/anynines.com\/de\/wp-json\/wp\/v2\/pages\/6707\/revisions"}],"predecessor-version":[{"id":6783,"href":"https:\/\/anynines.com\/de\/wp-json\/wp\/v2\/pages\/6707\/revisions\/6783"}],"up":[{"embeddable":true,"href":"https:\/\/anynines.com\/de\/wp-json\/wp\/v2\/pages\/3087"}],"wp:attachment":[{"href":"https:\/\/anynines.com\/de\/wp-json\/wp\/v2\/media?parent=6707"}],"curies":[{"name":"wp","href":"https:\/\/api.w.org\/{rel}","templated":true}]}},{"id":6482,"date":"2026-01-08T13:36:10","date_gmt":"2026-01-08T12:36:10","guid":{"rendered":"https:\/\/anynineswebstg.wpenginepowered.com\/ressourcen\/whitepapers\/wie-ein-globales-unternehmen-cloud-foundry-ohne-tansu-kosten-zurueckgewonnen-hat\/"},"modified":"2026-02-07T11:21:26","modified_gmt":"2026-02-07T10:21:26","slug":"wie-ein-globales-unternehmen-cloud-foundry-ohne-tanzu-kosten-zurueckgewonnen-hat","status":"publish","type":"page","link":"https:\/\/anynines.com\/de\/ressourcen\/whitepapers\/wie-ein-globales-unternehmen-cloud-foundry-ohne-tanzu-kosten-zurueckgewonnen-hat\/","title":{"rendered":"Wie ein globales Unternehmen Cloud Foundry ohne Tanzu-Kosten zur\u00fcckgewonnen hat"},"content":{"rendered":"","protected":false},"excerpt":{"rendered":"<p>Eine Case Study \u00fcber einen anonymern Automobil- und Haushaltswarenhersteller, der erkl\u00e4rt, wie er von der propriet\u00e4ren Cloud Foundry zur\u00fcck zu einer kuratierten Open-Source-Plattform wechselte<\/p>\n","protected":false},"author":3,"featured_media":6481,"parent":3143,"menu_order":0,"comment_status":"closed","ping_status":"closed","template":"","meta":{"_seopress_robots_primary_cat":"","_seopress_titles_title":"Case Study - Cloud Foundry ohne Tanzu-Kosten","_seopress_titles_desc":"Erfahren Sie, wie ein globales Unternehmen Tanzu durch eine verwaltete Open-Source-Cloud Foundry ersetzt hat, um die Kosten zu senken und gleichzeitig die Sicherheit, Stabilit\u00e4t und Geschwindigkeit der Entwickler zu erhalten.","_seopress_robots_index":"","content-type":"","footnotes":""},"class_list":["post-6482","page","type-page","status-publish","has-post-thumbnail","hentry"],"featured_image_src":"https:\/\/anynines.com\/wp-content\/uploads\/2026\/01\/CF-case-study-EN-569x400.jpg","featured_image_src_square":"https:\/\/anynines.com\/wp-content\/uploads\/2026\/01\/CF-case-study-EN.jpg","_links":{"self":[{"href":"https:\/\/anynines.com\/de\/wp-json\/wp\/v2\/pages\/6482","targetHints":{"allow":["GET"]}}],"collection":[{"href":"https:\/\/anynines.com\/de\/wp-json\/wp\/v2\/pages"}],"about":[{"href":"https:\/\/anynines.com\/de\/wp-json\/wp\/v2\/types\/page"}],"author":[{"embeddable":true,"href":"https:\/\/anynines.com\/de\/wp-json\/wp\/v2\/users\/3"}],"replies":[{"embeddable":true,"href":"https:\/\/anynines.com\/de\/wp-json\/wp\/v2\/comments?post=6482"}],"version-history":[{"count":1,"href":"https:\/\/anynines.com\/de\/wp-json\/wp\/v2\/pages\/6482\/revisions"}],"predecessor-version":[{"id":6562,"href":"https:\/\/anynines.com\/de\/wp-json\/wp\/v2\/pages\/6482\/revisions\/6562"}],"up":[{"embeddable":true,"href":"https:\/\/anynines.com\/de\/wp-json\/wp\/v2\/pages\/3143"}],"wp:featuredmedia":[{"embeddable":true,"href":"https:\/\/anynines.com\/de\/wp-json\/wp\/v2\/media\/6481"}],"wp:attachment":[{"href":"https:\/\/anynines.com\/de\/wp-json\/wp\/v2\/media?parent=6482"}],"curies":[{"name":"wp","href":"https:\/\/api.w.org\/{rel}","templated":true}]}},{"id":5677,"date":"2025-11-12T12:13:14","date_gmt":"2025-11-12T11:13:14","guid":{"rendered":"https:\/\/anynineswebstg.wpenginepowered.com\/loesungen\/epo-webpage\/"},"modified":"2026-02-17T12:48:37","modified_gmt":"2026-02-17T11:48:37","slug":"managed-services-fuer-anwendungsplattformen","status":"publish","type":"page","link":"https:\/\/anynines.com\/de\/loesungen\/managed-services-fuer-anwendungsplattformen\/","title":{"rendered":"EPO Webpage"},"content":{"rendered":"","protected":false},"excerpt":{"rendered":"","protected":false},"author":3,"featured_media":0,"parent":3154,"menu_order":0,"comment_status":"closed","ping_status":"closed","template":"","meta":{"_seopress_robots_primary_cat":"","_seopress_titles_title":"Managed Services f\u00fcr Anwendungsplattformen | anynines","_seopress_titles_desc":"Zuverl\u00e4ssiges Plattformmanagement f\u00fcr Cloud Foundry & Kubernetes von anynines: Setup, Lifecycle-Automation und 24\/7 Enterprise-Support f\u00fcr sichere, skalierbare Plattformen.","_seopress_robots_index":"","content-type":"","footnotes":""},"class_list":["post-5677","page","type-page","status-publish","hentry"],"featured_image_src":null,"featured_image_src_square":null,"_links":{"self":[{"href":"https:\/\/anynines.com\/de\/wp-json\/wp\/v2\/pages\/5677","targetHints":{"allow":["GET"]}}],"collection":[{"href":"https:\/\/anynines.com\/de\/wp-json\/wp\/v2\/pages"}],"about":[{"href":"https:\/\/anynines.com\/de\/wp-json\/wp\/v2\/types\/page"}],"author":[{"embeddable":true,"href":"https:\/\/anynines.com\/de\/wp-json\/wp\/v2\/users\/3"}],"replies":[{"embeddable":true,"href":"https:\/\/anynines.com\/de\/wp-json\/wp\/v2\/comments?post=5677"}],"version-history":[{"count":0,"href":"https:\/\/anynines.com\/de\/wp-json\/wp\/v2\/pages\/5677\/revisions"}],"up":[{"embeddable":true,"href":"https:\/\/anynines.com\/de\/wp-json\/wp\/v2\/pages\/3154"}],"wp:attachment":[{"href":"https:\/\/anynines.com\/de\/wp-json\/wp\/v2\/media?parent=5677"}],"curies":[{"name":"wp","href":"https:\/\/api.w.org\/{rel}","templated":true}]}},{"id":5194,"date":"2025-10-20T14:08:18","date_gmt":"2025-10-20T12:08:18","guid":{"rendered":"https:\/\/anynineswebstg.wpenginepowered.com\/?page_id=5194"},"modified":"2025-10-23T09:17:42","modified_gmt":"2025-10-23T07:17:42","slug":"unternehmensgeschichte","status":"publish","type":"page","link":"https:\/\/anynines.com\/de\/unternehmen\/unternehmensgeschichte\/","title":{"rendered":"Unternehmensgeschichte"},"content":{"rendered":"","protected":false},"excerpt":{"rendered":"","protected":false},"author":3,"featured_media":0,"parent":3099,"menu_order":0,"comment_status":"closed","ping_status":"closed","template":"","meta":{"_seopress_robots_primary_cat":"","_seopress_titles_title":"Die Unternehmensgeschichte von anynines","_seopress_titles_desc":"Entdecken Sie die Unternehmensgeschichte von anynines. Von der Gr\u00fcndung bis zum Aufstieg zum europ\u00e4ischen Marktf\u00fchrer f\u00fcr Entwickler Plattformen und Data Service Automatisierung. Erfahren Sie, wie uns unser Weg bis heute gepr\u00e4gt hat.","_seopress_robots_index":"","content-type":"","footnotes":""},"class_list":["post-5194","page","type-page","status-publish","hentry"],"featured_image_src":null,"featured_image_src_square":null,"_links":{"self":[{"href":"https:\/\/anynines.com\/de\/wp-json\/wp\/v2\/pages\/5194","targetHints":{"allow":["GET"]}}],"collection":[{"href":"https:\/\/anynines.com\/de\/wp-json\/wp\/v2\/pages"}],"about":[{"href":"https:\/\/anynines.com\/de\/wp-json\/wp\/v2\/types\/page"}],"author":[{"embeddable":true,"href":"https:\/\/anynines.com\/de\/wp-json\/wp\/v2\/users\/3"}],"replies":[{"embeddable":true,"href":"https:\/\/anynines.com\/de\/wp-json\/wp\/v2\/comments?post=5194"}],"version-history":[{"count":0,"href":"https:\/\/anynines.com\/de\/wp-json\/wp\/v2\/pages\/5194\/revisions"}],"up":[{"embeddable":true,"href":"https:\/\/anynines.com\/de\/wp-json\/wp\/v2\/pages\/3099"}],"wp:attachment":[{"href":"https:\/\/anynines.com\/de\/wp-json\/wp\/v2\/media?parent=5194"}],"curies":[{"name":"wp","href":"https:\/\/api.w.org\/{rel}","templated":true}]}},{"id":3159,"date":"2025-10-02T08:12:08","date_gmt":"2025-10-02T06:12:08","guid":{"rendered":"https:\/\/anynineswebstg.wpenginepowered.com\/loesungen\/solutions-major-retailer\/"},"modified":"2026-02-17T12:50:08","modified_gmt":"2026-02-17T11:50:08","slug":"retail-it-use-case","status":"publish","type":"page","link":"https:\/\/anynines.com\/de\/loesungen\/retail-it-use-case\/","title":{"rendered":"Retail &#038; Gro\u00dfhandel: Sicherstellung  von Konsistenz f\u00fcr den globalen, datengetriebenen Handel"},"content":{"rendered":"","protected":false},"excerpt":{"rendered":"<p>Retailer und Vertriebsunternehmen automatisieren Data Services und Plattform Management, zur Verbesserung der Zuverl\u00e4ssigkeit, zur Gew\u00e4hrleistung konsistenter Kundenerlebnisse und zur Vereinfachung von Multi-Cloud-Operations.<\/p>\n","protected":false},"author":3,"featured_media":4948,"parent":3154,"menu_order":0,"comment_status":"closed","ping_status":"closed","template":"","meta":{"_seopress_robots_primary_cat":"","_seopress_titles_title":"Optimierung der Plattform Ops f\u00fcr Einzel- und Gro\u00dfhandelsunternehmen","_seopress_titles_desc":"Erfahren Sie, wie Einzel- und Gro\u00dfhandelsunternehmen mit automatisierten Anwendungsplattformen und Data Services ihre Effizienz und Skalierbarkeit verbessern.","_seopress_robots_index":"","content-type":"","footnotes":""},"class_list":["post-3159","page","type-page","status-publish","has-post-thumbnail","hentry"],"featured_image_src":"https:\/\/anynines.com\/wp-content\/uploads\/2025\/08\/Header_Whitepaper_Retail.svg","featured_image_src_square":"https:\/\/anynines.com\/wp-content\/uploads\/2025\/08\/Header_Whitepaper_Retail.svg","_links":{"self":[{"href":"https:\/\/anynines.com\/de\/wp-json\/wp\/v2\/pages\/3159","targetHints":{"allow":["GET"]}}],"collection":[{"href":"https:\/\/anynines.com\/de\/wp-json\/wp\/v2\/pages"}],"about":[{"href":"https:\/\/anynines.com\/de\/wp-json\/wp\/v2\/types\/page"}],"author":[{"embeddable":true,"href":"https:\/\/anynines.com\/de\/wp-json\/wp\/v2\/users\/3"}],"replies":[{"embeddable":true,"href":"https:\/\/anynines.com\/de\/wp-json\/wp\/v2\/comments?post=3159"}],"version-history":[{"count":0,"href":"https:\/\/anynines.com\/de\/wp-json\/wp\/v2\/pages\/3159\/revisions"}],"up":[{"embeddable":true,"href":"https:\/\/anynines.com\/de\/wp-json\/wp\/v2\/pages\/3154"}],"wp:featuredmedia":[{"embeddable":true,"href":"https:\/\/anynines.com\/de\/wp-json\/wp\/v2\/media\/4948"}],"wp:attachment":[{"href":"https:\/\/anynines.com\/de\/wp-json\/wp\/v2\/media?parent=3159"}],"curies":[{"name":"wp","href":"https:\/\/api.w.org\/{rel}","templated":true}]}},{"id":3158,"date":"2025-10-02T08:12:08","date_gmt":"2025-10-02T06:12:08","guid":{"rendered":"https:\/\/anynineswebstg.wpenginepowered.com\/loesungen\/solutions-healthcare\/"},"modified":"2026-02-17T12:49:04","modified_gmt":"2026-02-17T11:49:04","slug":"gesundheitssektor-it-use-case","status":"publish","type":"page","link":"https:\/\/anynines.com\/de\/loesungen\/gesundheitssektor-it-use-case\/","title":{"rendered":"Gesundheitssektor: Aufbau sicherer, konformer Patienten-Plattformen"},"content":{"rendered":"","protected":false},"excerpt":{"rendered":"<p>Anbieter im Gesundheitssektor setzen automatisierte Plattformen ein, um die Governance zu f\u00f6rdern, Patientendaten zu sch\u00fctzen und die Bereitstellung digitaler Gesundheitsdienstleistungen in verschiedenen Regionen zu beschleunigen.<\/p>\n","protected":false},"author":3,"featured_media":4946,"parent":3154,"menu_order":0,"comment_status":"closed","ping_status":"closed","template":"","meta":{"_seopress_robots_primary_cat":"","_seopress_titles_title":"Sichere, konforme Plattformen und Data Services f\u00fcr die IT im Gesundheitssektor","_seopress_titles_desc":"Erfahren Sie, wie Dienstleister im Gesundheitssektor sichere, konforme Anwendungsplattformen f\u00fcr schnelle Innovationen mit Governance, Observability und konsistenter Servicebereitstellung erm\u00f6glichen.","_seopress_robots_index":"","content-type":"","footnotes":""},"class_list":["post-3158","page","type-page","status-publish","has-post-thumbnail","hentry"],"featured_image_src":"https:\/\/anynines.com\/wp-content\/uploads\/2025\/08\/Header_Whitepaper_Healthcare_Illu.svg","featured_image_src_square":"https:\/\/anynines.com\/wp-content\/uploads\/2025\/08\/Header_Whitepaper_Healthcare_Illu.svg","_links":{"self":[{"href":"https:\/\/anynines.com\/de\/wp-json\/wp\/v2\/pages\/3158","targetHints":{"allow":["GET"]}}],"collection":[{"href":"https:\/\/anynines.com\/de\/wp-json\/wp\/v2\/pages"}],"about":[{"href":"https:\/\/anynines.com\/de\/wp-json\/wp\/v2\/types\/page"}],"author":[{"embeddable":true,"href":"https:\/\/anynines.com\/de\/wp-json\/wp\/v2\/users\/3"}],"replies":[{"embeddable":true,"href":"https:\/\/anynines.com\/de\/wp-json\/wp\/v2\/comments?post=3158"}],"version-history":[{"count":0,"href":"https:\/\/anynines.com\/de\/wp-json\/wp\/v2\/pages\/3158\/revisions"}],"up":[{"embeddable":true,"href":"https:\/\/anynines.com\/de\/wp-json\/wp\/v2\/pages\/3154"}],"wp:featuredmedia":[{"embeddable":true,"href":"https:\/\/anynines.com\/de\/wp-json\/wp\/v2\/media\/4946"}],"wp:attachment":[{"href":"https:\/\/anynines.com\/de\/wp-json\/wp\/v2\/media?parent=3158"}],"curies":[{"name":"wp","href":"https:\/\/api.w.org\/{rel}","templated":true}]}},{"id":3157,"date":"2025-10-02T08:12:08","date_gmt":"2025-10-02T06:12:08","guid":{"rendered":"https:\/\/anynineswebstg.wpenginepowered.com\/loesungen\/solutions-global-media-telecom\/"},"modified":"2026-02-17T12:49:39","modified_gmt":"2026-02-17T11:49:39","slug":"medien-und-kommunikations-sektor-it-use-case","status":"publish","type":"page","link":"https:\/\/anynines.com\/de\/loesungen\/medien-und-kommunikations-sektor-it-use-case\/","title":{"rendered":"Medien- und Telekommunikationssektor: Skalierung der Entwicklergeschwindigkeit in digitalen \u00d6kosystemen"},"content":{"rendered":"","protected":false},"excerpt":{"rendered":"<p>Telekommunikations- und Medienunternehmen standardisieren die Bereitstellung und Observability von Applikationen, um mit dem rasanten Wachstum und der 24\/7 Verf\u00fcgbarkeit von Dienstleistungen Schritt zu halten.<\/p>\n","protected":false},"author":3,"featured_media":4944,"parent":3154,"menu_order":0,"comment_status":"closed","ping_status":"closed","template":"","meta":{"_seopress_robots_primary_cat":"","_seopress_titles_title":"Skalierung der Entwicklergeschwindigkeit f\u00fcr globale Medien- und Telekommunikationsunternehmen","_seopress_titles_desc":"Wie Medien- und Telekommunikationsanbieter die Bereitstellung und Observability von Applikationen standardisieren, um die Entwicklung zu beschleunigen, die Verf\u00fcgbarkeit sicherzustellen und den Betrieb zu vereinfachen.","_seopress_robots_index":"","content-type":"","footnotes":""},"class_list":["post-3157","page","type-page","status-publish","has-post-thumbnail","hentry"],"featured_image_src":"https:\/\/anynines.com\/wp-content\/uploads\/2025\/08\/Header_Illu_Whitepaper_Media_Telecom.svg","featured_image_src_square":"https:\/\/anynines.com\/wp-content\/uploads\/2025\/08\/Header_Illu_Whitepaper_Media_Telecom.svg","_links":{"self":[{"href":"https:\/\/anynines.com\/de\/wp-json\/wp\/v2\/pages\/3157","targetHints":{"allow":["GET"]}}],"collection":[{"href":"https:\/\/anynines.com\/de\/wp-json\/wp\/v2\/pages"}],"about":[{"href":"https:\/\/anynines.com\/de\/wp-json\/wp\/v2\/types\/page"}],"author":[{"embeddable":true,"href":"https:\/\/anynines.com\/de\/wp-json\/wp\/v2\/users\/3"}],"replies":[{"embeddable":true,"href":"https:\/\/anynines.com\/de\/wp-json\/wp\/v2\/comments?post=3157"}],"version-history":[{"count":0,"href":"https:\/\/anynines.com\/de\/wp-json\/wp\/v2\/pages\/3157\/revisions"}],"up":[{"embeddable":true,"href":"https:\/\/anynines.com\/de\/wp-json\/wp\/v2\/pages\/3154"}],"wp:featuredmedia":[{"embeddable":true,"href":"https:\/\/anynines.com\/de\/wp-json\/wp\/v2\/media\/4944"}],"wp:attachment":[{"href":"https:\/\/anynines.com\/de\/wp-json\/wp\/v2\/media?parent=3157"}],"curies":[{"name":"wp","href":"https:\/\/api.w.org\/{rel}","templated":true}]}},{"id":3156,"date":"2025-10-02T08:12:08","date_gmt":"2025-10-02T06:12:08","guid":{"rendered":"https:\/\/anynineswebstg.wpenginepowered.com\/loesungen\/solutions-financial-services-provider\/"},"modified":"2026-02-17T12:48:05","modified_gmt":"2026-02-17T11:48:05","slug":"finanzdienstleister-it-use-case","status":"publish","type":"page","link":"https:\/\/anynines.com\/de\/loesungen\/finanzdienstleister-it-use-case\/","title":{"rendered":"Banken und Finanzdienstleister: Sicherung und Skalierung kritischer Workloads"},"content":{"rendered":"","protected":false},"excerpt":{"rendered":"<p>Finanzunternehmen setzen auf Automatisierung, um die Verf\u00fcgbarkeit aufrechtzuerhalten, Compliance sicherzustellen und die Abl\u00e4ufe in komplexen hybriden Infrastrukturen zu optimieren.<\/p>\n","protected":false},"author":3,"featured_media":4942,"parent":3154,"menu_order":0,"comment_status":"closed","ping_status":"closed","template":"","meta":{"_seopress_robots_primary_cat":"","_seopress_titles_title":"Zuverl\u00e4ssige, konforme Dateninfrastruktur f\u00fcr Finanzdienstleistungen","_seopress_titles_desc":"Banken und Finanzdienstleister schaffen konsistente, sichere Datenumgebungen, die die Zuverl\u00e4ssigkeit erh\u00f6hen, den Betriebsaufwand reduzieren und die Einhaltung gesetzlicher Vorschriften unterst\u00fctzen.","_seopress_robots_index":"","content-type":"","footnotes":""},"class_list":["post-3156","page","type-page","status-publish","has-post-thumbnail","hentry"],"featured_image_src":"https:\/\/anynines.com\/wp-content\/uploads\/2025\/08\/Header_Whitepaper_Finance.svg","featured_image_src_square":"https:\/\/anynines.com\/wp-content\/uploads\/2025\/08\/Header_Whitepaper_Finance.svg","_links":{"self":[{"href":"https:\/\/anynines.com\/de\/wp-json\/wp\/v2\/pages\/3156","targetHints":{"allow":["GET"]}}],"collection":[{"href":"https:\/\/anynines.com\/de\/wp-json\/wp\/v2\/pages"}],"about":[{"href":"https:\/\/anynines.com\/de\/wp-json\/wp\/v2\/types\/page"}],"author":[{"embeddable":true,"href":"https:\/\/anynines.com\/de\/wp-json\/wp\/v2\/users\/3"}],"replies":[{"embeddable":true,"href":"https:\/\/anynines.com\/de\/wp-json\/wp\/v2\/comments?post=3156"}],"version-history":[{"count":0,"href":"https:\/\/anynines.com\/de\/wp-json\/wp\/v2\/pages\/3156\/revisions"}],"up":[{"embeddable":true,"href":"https:\/\/anynines.com\/de\/wp-json\/wp\/v2\/pages\/3154"}],"wp:featuredmedia":[{"embeddable":true,"href":"https:\/\/anynines.com\/de\/wp-json\/wp\/v2\/media\/4942"}],"wp:attachment":[{"href":"https:\/\/anynines.com\/de\/wp-json\/wp\/v2\/media?parent=3156"}],"curies":[{"name":"wp","href":"https:\/\/api.w.org\/{rel}","templated":true}]}},{"id":3155,"date":"2025-10-02T08:12:07","date_gmt":"2025-10-02T06:12:07","guid":{"rendered":"https:\/\/anynineswebstg.wpenginepowered.com\/loesungen\/solutions-automotive\/"},"modified":"2026-02-17T12:47:39","modified_gmt":"2026-02-17T11:47:39","slug":"automobilindustrie-it-use-case","status":"publish","type":"page","link":"https:\/\/anynines.com\/de\/loesungen\/automobilindustrie-it-use-case\/","title":{"rendered":"Automobilindustrie: Modernisierung von Legacy-Systemen f\u00fcr vernetzte Mobilit\u00e4t"},"content":{"rendered":"","protected":false},"excerpt":{"rendered":"<p>Innovative Unternehmen in der Automobilindustrie ersetzen manuelle Prozesse durch Plattform Automatisierung, um vernetzte Fahrzeug-\u00d6kosysteme, Echtzeit-Datenverarbeitung und globale Zusammenarbeit zu unterst\u00fctzen.<\/p>\n","protected":false},"author":3,"featured_media":4967,"parent":3154,"menu_order":0,"comment_status":"closed","ping_status":"closed","template":"","meta":{"_seopress_robots_primary_cat":"","_seopress_titles_title":"Modernisierung von IT-Infrastruktur in der Automobilindustrie durch Automatisierung von Data Services","_seopress_titles_desc":"Erfahren Sie, wie Automobilhersteller ihre Anwendungsplattformen und Data Services automatisieren, um Bereitstellung zu beschleunigen und den Betrieb in hybriden Umgebungen zu vereinfachen.","_seopress_robots_index":"","content-type":"","footnotes":""},"class_list":["post-3155","page","type-page","status-publish","has-post-thumbnail","hentry"],"featured_image_src":"https:\/\/anynines.com\/wp-content\/uploads\/2025\/08\/Header_Whitepaper_Automotive_Illu.svg","featured_image_src_square":"https:\/\/anynines.com\/wp-content\/uploads\/2025\/08\/Header_Whitepaper_Automotive_Illu.svg","_links":{"self":[{"href":"https:\/\/anynines.com\/de\/wp-json\/wp\/v2\/pages\/3155","targetHints":{"allow":["GET"]}}],"collection":[{"href":"https:\/\/anynines.com\/de\/wp-json\/wp\/v2\/pages"}],"about":[{"href":"https:\/\/anynines.com\/de\/wp-json\/wp\/v2\/types\/page"}],"author":[{"embeddable":true,"href":"https:\/\/anynines.com\/de\/wp-json\/wp\/v2\/users\/3"}],"replies":[{"embeddable":true,"href":"https:\/\/anynines.com\/de\/wp-json\/wp\/v2\/comments?post=3155"}],"version-history":[{"count":0,"href":"https:\/\/anynines.com\/de\/wp-json\/wp\/v2\/pages\/3155\/revisions"}],"up":[{"embeddable":true,"href":"https:\/\/anynines.com\/de\/wp-json\/wp\/v2\/pages\/3154"}],"wp:featuredmedia":[{"embeddable":true,"href":"https:\/\/anynines.com\/de\/wp-json\/wp\/v2\/media\/4967"}],"wp:attachment":[{"href":"https:\/\/anynines.com\/de\/wp-json\/wp\/v2\/media?parent=3155"}],"curies":[{"name":"wp","href":"https:\/\/api.w.org\/{rel}","templated":true}]}}]